{"id":23,"date":"2025-11-08T19:06:38","date_gmt":"2025-11-08T19:06:38","guid":{"rendered":"https:\/\/krame.eu\/?page_id=23"},"modified":"2026-03-26T13:26:36","modified_gmt":"2026-03-26T13:26:36","slug":"kontakt","status":"publish","type":"page","link":"https:\/\/krame.eu\/index.php\/kontakt\/","title":{"rendered":"Kontakt"},"content":{"rendered":"\n<p><strong>Diese Website ist ein Angebot von:<\/strong><\/p>\n\n\n\n<p>Interreg-Projekt KraMe<br>c\/o Radboud Universiteit &amp; Universit\u00e4t Duisburg-Essen<br><\/p>\n\n\n\n<p><strong>Kontaktperson &amp; inhaltlich Verantwortliche an der Radboud Universiteit:<\/strong> <\/p>\n\n\n\n<p><a href=\"https:\/\/www.ru.nl\/personen\/jentges-s\">Assoc.-Prof.Dr. Sabine Jentges<\/a><br>Faculteit der Letteren<br>Erasmusplein 1<br>6525 HT NIJMEGEN<br>Niederlande<\/p>\n\n\n\n<p><strong>Kontaktperson &amp; inhaltlich Verantwortliche an der Universit\u00e4t Duisburg-Essen:<\/strong> <\/p>\n\n\n\n<p><a href=\"https:\/\/www.uni-due.de\/germanistik\/boonen\/\">Prof.Dr. Ute K. Boonen<\/a><br>Universit\u00e4tsstra\u00dfe 12<br>45141 Essen<br>Deutschland<\/p>\n\n\n\n<p><strong>Fotos<\/strong><\/p>\n\n\n\n<p>Die Logos unterliegen dem Copyright der jeweiligen Einrichtungen.<\/p>\n\n\n\n<p><strong>Technische Umsetzung &amp; Betreuung<\/strong><\/p>\n\n\n\n<p>Bei technischen Fragen zur Website wenden Sie sich bitte an <a href=\"https:\/\/www.ru.nl\/personen\/meredig-h\">Henning Meredig, MA<\/a>.<\/p>\n\n\n\n<p><\/p>\n","protected":false},"excerpt":{"rendered":"<p>Diese Website ist ein Angebot von: Interreg-Projekt KraMec\/o Radboud Universiteit &amp; Universit\u00e4t Duisburg-Essen Kontaktperson &amp; inhaltlich Verantwortliche an der Radboud Universiteit: Assoc.-Prof.Dr. Sabine JentgesFaculteit der LetterenErasmusplein 16525 HT NIJMEGENNiederlande Kontaktperson &amp; inhaltlich Verantwortliche an der Universit\u00e4t Duisburg-Essen: Prof.Dr. Ute K. BoonenUniversit\u00e4tsstra\u00dfe 1245141 EssenDeutschland Fotos Die Logos unterliegen dem Copyright der jeweiligen Einrichtungen. Technische Umsetzung &amp; [&hellip;]<\/p>\n","protected":false},"author":1,"featured_media":0,"parent":0,"menu_order":0,"comment_status":"closed","ping_status":"closed","template":"","meta":{"footnotes":""},"class_list":["post-23","page","type-page","status-publish","hentry"],"_links":{"self":[{"href":"https:\/\/krame.eu\/index.php\/wp-json\/wp\/v2\/pages\/23","targetHints":{"allow":["GET"]}}],"collection":[{"href":"https:\/\/krame.eu\/index.php\/wp-json\/wp\/v2\/pages"}],"about":[{"href":"https:\/\/krame.eu\/index.php\/wp-json\/wp\/v2\/types\/page"}],"author":[{"embeddable":true,"href":"https:\/\/krame.eu\/index.php\/wp-json\/wp\/v2\/users\/1"}],"replies":[{"embeddable":true,"href":"https:\/\/krame.eu\/index.php\/wp-json\/wp\/v2\/comments?post=23"}],"version-history":[{"count":4,"href":"https:\/\/krame.eu\/index.php\/wp-json\/wp\/v2\/pages\/23\/revisions"}],"predecessor-version":[{"id":99,"href":"https:\/\/krame.eu\/index.php\/wp-json\/wp\/v2\/pages\/23\/revisions\/99"}],"wp:attachment":[{"href":"https:\/\/krame.eu\/index.php\/wp-json\/wp\/v2\/media?parent=23"}],"curies":[{"name":"wp","href":"https:\/\/api.w.org\/{rel}","templated":true}]}}